{"id":7834,"date":"2025-07-19T10:35:14","date_gmt":"2025-07-19T10:35:14","guid":{"rendered":"https:\/\/venessens-parquet.com\/mentions-legales\/"},"modified":"2025-12-15T12:52:30","modified_gmt":"2025-12-15T12:52:30","slug":"mentions-legales","status":"publish","type":"page","link":"https:\/\/venessens-preprod.comandsee.website\/en\/mentions-legales\/","title":{"rendered":"Mentions l\u00e9gales"},"content":{"rendered":"\t\t<div data-elementor-type=\"wp-page\" data-elementor-id=\"7834\" class=\"elementor elementor-7834 elementor-3785\" data-elementor-post-type=\"page\">\n\t\t\t\t<div class=\"elementor-element elementor-element-90b103c e-con-full e-flex e-con e-parent\" data-id=\"90b103c\" data-element_type=\"container\" data-e-type=\"container\" data-settings=\"{&quot;background_background&quot;:&quot;classic&quot;}\">\n\t\t\t\t<div class=\"elementor-element elementor-element-d5e630f elementor-widget elementor-widget-heading\" data-id=\"d5e630f\" data-element_type=\"widget\" data-e-type=\"widget\" data-widget_type=\"heading.default\">\n\t\t\t\t<div class=\"elementor-widget-container\">\n\t\t\t\t\t<h1 class=\"elementor-heading-title elementor-size-default\">Mentions l\u00e9gales<\/h1>\t\t\t\t<\/div>\n\t\t\t\t<\/div>\n\t\t\t\t<\/div>\n\t\t<div class=\"elementor-element elementor-element-e74809f e-flex e-con-boxed e-con e-parent\" data-id=\"e74809f\" data-element_type=\"container\" data-e-type=\"container\">\n\t\t\t\t\t<div class=\"e-con-inner\">\n\t\t\t\t<div class=\"elementor-element elementor-element-1989e1d elementor-widget elementor-widget-woocommerce-breadcrumb\" data-id=\"1989e1d\" data-element_type=\"widget\" data-e-type=\"widget\" data-widget_type=\"woocommerce-breadcrumb.default\">\n\t\t\t\t<div class=\"elementor-widget-container\">\n\t\t\t\t\t<nav class=\"woocommerce-breadcrumb\" aria-label=\"Breadcrumb\">Home<\/nav>\t\t\t\t<\/div>\n\t\t\t\t<\/div>\n\t\t\t\t\t<\/div>\n\t\t\t\t<\/div>\n\t\t<div class=\"elementor-element elementor-element-b634d62 e-flex e-con-boxed e-con e-parent\" data-id=\"b634d62\" data-element_type=\"container\" data-e-type=\"container\">\n\t\t\t\t\t<div class=\"e-con-inner\">\n\t\t\t\t<div class=\"elementor-element elementor-element-8951649 elementor-widget elementor-widget-text-editor\" data-id=\"8951649\" data-element_type=\"widget\" data-e-type=\"widget\" data-widget_type=\"text-editor.default\">\n\t\t\t\t<div class=\"elementor-widget-container\">\n\t\t\t\t\t\t\t\t\t<h2>1 &#8211; \u00c9dition du site<\/h2><p>En vertu de l\u2019article 6 de la loi n\u00b0 2004-575 du 21 juin 2004 pour la confiance dans l\u2019\u00e9conomie num\u00e9rique, il est pr\u00e9cis\u00e9 aux utilisateurs du site internet https:\/\/venessens-preprod.comandsee.website l\u2019identit\u00e9 des diff\u00e9rents intervenants dans le cadre de sa r\u00e9alisation et de son suivi:<\/p><p>Propri\u00e9taire du site<br>VENESSENS \u2013 Contact : contact@venessens-parquet.com 01 77 37 07 09 \u2013 Adresse : 39 av Victor Hugo 75116 PARIS<\/p><p>Identification de l&#8217;entreprise<br>SAS VENESSENS au capital social de 20 000\u20ac \u2013 SIREN : 892663220 \u2013 RCS Paris \u2013 Adresse postale : 39 av Victor Hugo \u2013 75116 PARIS https:\/\/venessens-preprod.comandsee.website\/cgv\/<\/p><p>Directeur de la publication<br>Madame Rina Elgrably \u2013 Contact : contact@venessens-parquet.com.<\/p><p>H\u00e9bergeur<br>OVH SAS \u2013 2 rue Kellermann \u2013 BP 80157 \u2013 59053 Roubaix Cedex 1 \u2013 T\u00e9l\u00e9phone : 1007<\/p><p>D\u00e9l\u00e9gu\u00e9 \u00e0 la protection des donn\u00e9es<br>Madame Rina Elgrably \u2013 contact@venessens-parquet.com<\/p><p>Cr\u00e9ation : Agence <a href=\"https:\/\/com-and-see.fr\" target=\"_blank\" rel=\"noopener\"><strong><span style=\"color: #c2af9d;\">COM AND SEE<\/span><\/strong><\/a><\/p><p> <\/p><p> <\/p><h2>2 &#8211; Propri\u00e9t\u00e9 intellectuelle et contrefa\u00e7ons.<\/h2><p>VENESSENS est propri\u00e9taire des droits de propri\u00e9t\u00e9 intellectuelle et d\u00e9tient les droits d\u2019usage sur tous les \u00e9l\u00e9ments accessibles sur le site internet, notamment les textes, images, graphismes, logos, vid\u00e9os, architecture, ic\u00f4nes et sons.<\/p><p>Toute reproduction, repr\u00e9sentation, modification, publication, adaptation de tout ou partie des \u00e9l\u00e9ments du site, quel que soit le moyen ou le proc\u00e9d\u00e9 utilis\u00e9, est interdite, sauf autorisation \u00e9crite pr\u00e9alable de VENESSENS.<\/p><p>Toute exploitation non autoris\u00e9e du site ou de l\u2019un quelconque des \u00e9l\u00e9ments qu\u2019il contient sera consid\u00e9r\u00e9e comme constitutive d\u2019une contrefa\u00e7on et poursuivie conform\u00e9ment aux dispositions des articles L.335-2 et suivants du Code de Propri\u00e9t\u00e9 Intellectuelle.<\/p><p> <\/p><h2>3 &#8211; Limitations de responsabilit\u00e9.<\/h2><p>VENESSENS ne pourra \u00eatre tenu pour responsable des dommages directs et indirects caus\u00e9s au mat\u00e9riel de l\u2019utilisateur, lors de l\u2019acc\u00e8s au site <span style=\"color: #c2af9d;\"><strong>https:\/\/venessens-preprod.comandsee.website<\/strong><\/span>.<\/p><p>VENESSENS d\u00e9cline toute responsabilit\u00e9 quant \u00e0 l\u2019utilisation qui pourrait \u00eatre faite des informations et contenus pr\u00e9sents sur <strong><span style=\"color: #c2af9d;\">https:\/\/venessens-preprod.comandsee.website<\/span><\/strong>.<\/p><p>VENESSENS s\u2019engage \u00e0 s\u00e9curiser au mieux le site <strong><span style=\"color: #c2af9d;\">https:\/\/venessens-preprod.comandsee.website<\/span><\/strong>, cependant sa responsabilit\u00e9 ne pourra \u00eatre mise en cause si des donn\u00e9es ind\u00e9sirables sont import\u00e9es et install\u00e9es sur son site \u00e0 son insu.<\/p><p>Des espaces interactifs (espace contact ou commentaires) sont \u00e0 la disposition des utilisateurs. VENESSENS se r\u00e9serve le droit de supprimer, sans mise en demeure pr\u00e9alable, tout contenu d\u00e9pos\u00e9 dans cet espace qui contreviendrait \u00e0 la l\u00e9gislation applicable en France, en particulier aux dispositions relatives \u00e0 la protection des donn\u00e9es. <\/p><p>Le cas \u00e9ch\u00e9ant, VENESSENS se r\u00e9serve \u00e9galement la possibilit\u00e9 de mettre en cause la responsabilit\u00e9 civile et\/ou p\u00e9nale de l\u2019utilisateur, notamment en cas de message \u00e0 caract\u00e8re raciste, injurieux, diffamant, ou pornographique, quel que soit le support utilis\u00e9 (texte, photographie \u2026).<\/p><p> <\/p><h2>4 &#8211; CNIL et gestion des donn\u00e9es personnelles.<\/h2><p>Conform\u00e9ment aux dispositions de la loi 78-17 du 6 janvier 1978 modifi\u00e9e, l\u2019utilisateur du site <strong><span style=\"color: #c2af9d;\">https:\/\/venessens-preprod.comandsee.website<\/span><\/strong> dispose d\u2019un droit d\u2019acc\u00e8s, de modification et de suppression des informations collect\u00e9es. Pour exercer ce droit, envoyez un message \u00e0 notre D\u00e9l\u00e9gu\u00e9 \u00e0 la Protection des Donn\u00e9es : Madame Rina Elgrably \u2013 contact@venessens-parquet.com. <\/p><p>Pour plus d\u2019informations sur la fa\u00e7on dont nous traitons vos donn\u00e9es (type de donn\u00e9es, finalit\u00e9, destinataire\u2026), lisez notre https:\/\/venessens-preprod.comandsee.website\/confidentialite. [Consignes : ajoutez ici le lien hypertexte vers votre politique de confidentialit\u00e9]<\/p><p> <\/p><h2>5 &#8211; Liens hypertextes et cookies<\/h2><p>Le site <strong><span style=\"color: #c2af9d;\">https:\/\/venessens-preprod.comandsee.website<\/span><\/strong> contient des liens hypertextes vers d\u2019autres sites et d\u00e9gage toute responsabilit\u00e9 \u00e0 propos de ces liens externes ou des liens cr\u00e9\u00e9s par d\u2019autres sites vers <strong><span style=\"color: #c2af9d;\">https:\/\/venessens-preprod.comandsee.website<\/span><\/strong>.<\/p><p>La navigation sur le site <strong><span style=\"color: #c2af9d;\">https:\/\/venessens-preprod.comandsee.website<\/span><\/strong> est susceptible de provoquer l\u2019installation de cookie(s) sur l\u2019ordinateur de l\u2019utilisateur.<\/p><p>Un \u00ab cookie \u00bb est un fichier de petite taille qui enregistre des informations relatives \u00e0 la navigation d\u2019un utilisateur sur un site. Les donn\u00e9es ainsi obtenues permettent d\u2019obtenir des mesures de fr\u00e9quentation, par exemple. <\/p><p>Vous avez la possibilit\u00e9 d\u2019accepter ou de refuser les cookies en modifiant les param\u00e8tres de votre navigateur. Aucun cookie ne sera d\u00e9pos\u00e9 sans votre consentement. <\/p><p>Les cookies sont enregistr\u00e9s pour une dur\u00e9e maximale de 1 mois.<\/p><p>Pour plus d\u2019informations sur la fa\u00e7on dont nous faisons usage des cookies, lisez notre https:\/\/venessens-preprod.comandsee.website\/confidentialite.<\/p><p> <\/p><h2>6 &#8211; Droit applicable et attribution de juridiction.<\/h2><p>Tout litige en relation avec l\u2019utilisation du site <strong>https:\/\/venessens-preprod.comandsee.website<\/strong> est soumis au droit fran\u00e7ais. En dehors des cas o\u00f9 la loi ne le permet pas, il est fait attribution exclusive de juridiction aux tribunaux comp\u00e9tents de PARIS <\/p><p> <\/p>\t\t\t\t\t\t\t\t<\/div>\n\t\t\t\t<\/div>\n\t\t\t\t\t<\/div>\n\t\t\t\t<\/div>\n\t\t<div class=\"elementor-element elementor-element-d84260b animated-fast e-con-full e-flex elementor-invisible e-con e-parent\" data-id=\"d84260b\" data-element_type=\"container\" data-e-type=\"container\" data-settings=\"{&quot;animation&quot;:&quot;fadeIn&quot;,&quot;animation_delay&quot;:10}\">\n\t\t\t\t<div class=\"elementor-element elementor-element-cc08a8c elementor--h-position-center elementor--v-position-middle elementor-widget elementor-widget-slides\" data-id=\"cc08a8c\" data-element_type=\"widget\" data-e-type=\"widget\" data-settings=\"{&quot;navigation&quot;:&quot;none&quot;,&quot;transition&quot;:&quot;fade&quot;,&quot;autoplay&quot;:&quot;yes&quot;,&quot;autoplay_speed&quot;:5000,&quot;infinite&quot;:&quot;yes&quot;,&quot;transition_speed&quot;:500}\" data-widget_type=\"slides.default\">\n\t\t\t\t<div class=\"elementor-widget-container\">\n\t\t\t\t\t\t\t\t\t<div class=\"elementor-swiper\">\n\t\t\t\t\t<div class=\"elementor-slides-wrapper elementor-main-swiper swiper\" role=\"region\" aria-roledescription=\"carousel\" aria-label=\"Diapositives\" dir=\"ltr\" data-animation=\"fadeInUp\">\n\t\t\t\t<div class=\"swiper-wrapper elementor-slides\">\n\t\t\t\t\t\t\t\t\t\t<div class=\"elementor-repeater-item-ab63c85 swiper-slide\" role=\"group\" aria-roledescription=\"slide\"><div class=\"swiper-slide-bg\" role=\"img\" aria-label=\"venessens-showroom-01\"><\/div><div class=\"swiper-slide-inner\" ><div class=\"swiper-slide-contents\"><\/div><\/div><\/div><div class=\"elementor-repeater-item-a7bbc1b swiper-slide\" role=\"group\" aria-roledescription=\"slide\"><div class=\"swiper-slide-bg\" role=\"img\" aria-label=\"venessens-realisation-03\"><\/div><div class=\"swiper-slide-inner\" ><div class=\"swiper-slide-contents\"><\/div><\/div><\/div><div class=\"elementor-repeater-item-8bb5d19 swiper-slide\" role=\"group\" aria-roledescription=\"slide\"><div class=\"swiper-slide-bg\" role=\"img\" aria-label=\"venessens-realisation-06\"><\/div><div class=\"swiper-slide-inner\" ><div class=\"swiper-slide-contents\"><\/div><\/div><\/div><div class=\"elementor-repeater-item-6195dd6 swiper-slide\" role=\"group\" aria-roledescription=\"slide\"><div class=\"swiper-slide-bg\" role=\"img\" aria-label=\"venessens-realisation-01\"><\/div><div class=\"swiper-slide-inner\" ><div class=\"swiper-slide-contents\"><\/div><\/div><\/div>\t\t\t\t<\/div>\n\t\t\t\t\t\t\t\t\t\t\t\t\t\t\t\t\t\t\t\t\t<\/div>\n\t\t\t\t<\/div>\n\t\t\t\t\t\t\t\t<\/div>\n\t\t\t\t<\/div>\n\t\t\t\t<\/div>\n\t\t\t\t<\/div>\n\t\t","protected":false},"excerpt":{"rendered":"<p>Mentions l\u00e9gales 1 &#8211; \u00c9dition du site En vertu de l\u2019article 6 de la loi n\u00b0 2004-575 du 21 juin 2004 pour la confiance dans l\u2019\u00e9conomie num\u00e9rique, il est pr\u00e9cis\u00e9 aux utilisateurs du site internet https:\/\/venessens-preprod.comandsee.website l\u2019identit\u00e9 des diff\u00e9rents intervenants dans le cadre de sa r\u00e9alisation et de son suivi: Propri\u00e9taire du siteVENESSENS \u2013 Contact [&hellip;]<\/p>\n","protected":false},"author":3,"featured_media":0,"parent":0,"menu_order":7,"comment_status":"closed","ping_status":"closed","template":"","meta":{"footnotes":""},"class_list":["post-7834","page","type-page","status-publish","hentry"],"yoast_head":"<!-- This site is optimized with the Yoast SEO plugin v27.2 - https:\/\/yoast.com\/product\/yoast-seo-wordpress\/ -->\n<title>Mentions l\u00e9gales - venessens-parquet.com<\/title>\n<meta name=\"robots\" content=\"index, follow, max-snippet:-1, max-image-preview:large, max-video-preview:-1\" \/>\n<link rel=\"canonical\" href=\"https:\/\/venessens-preprod.comandsee.website\/en\/mentions-legales\/\" \/>\n<meta property=\"og:locale\" content=\"en_US\" \/>\n<meta property=\"og:type\" content=\"article\" \/>\n<meta property=\"og:title\" content=\"Mentions l\u00e9gales - venessens-parquet.com\" \/>\n<meta property=\"og:description\" content=\"Mentions l\u00e9gales 1 &#8211; \u00c9dition du site En vertu de l\u2019article 6 de la loi n\u00b0 2004-575 du 21 juin 2004 pour la confiance dans l\u2019\u00e9conomie num\u00e9rique, il est pr\u00e9cis\u00e9 aux utilisateurs du site internet https:\/\/venessens-preprod.comandsee.website l\u2019identit\u00e9 des diff\u00e9rents intervenants dans le cadre de sa r\u00e9alisation et de son suivi: Propri\u00e9taire du siteVENESSENS \u2013 Contact [&hellip;]\" \/>\n<meta property=\"og:url\" content=\"https:\/\/venessens-preprod.comandsee.website\/en\/mentions-legales\/\" \/>\n<meta property=\"og:site_name\" content=\"venessens-parquet.com\" \/>\n<meta property=\"article:modified_time\" content=\"2025-12-15T12:52:30+00:00\" \/>\n<meta name=\"twitter:card\" content=\"summary_large_image\" \/>\n<meta name=\"twitter:label1\" content=\"Est. reading time\" \/>\n\t<meta name=\"twitter:data1\" content=\"3 minutes\" \/>\n<script type=\"application\/ld+json\" class=\"yoast-schema-graph\">{\"@context\":\"https:\/\/schema.org\",\"@graph\":[{\"@type\":\"WebPage\",\"@id\":\"https:\/\/venessens-preprod.comandsee.website\/en\/mentions-legales\/\",\"url\":\"https:\/\/venessens-preprod.comandsee.website\/en\/mentions-legales\/\",\"name\":\"Mentions l\u00e9gales - venessens-parquet.com\",\"isPartOf\":{\"@id\":\"https:\/\/venessens-preprod.comandsee.website\/en\/#website\"},\"datePublished\":\"2025-07-19T10:35:14+00:00\",\"dateModified\":\"2025-12-15T12:52:30+00:00\",\"breadcrumb\":{\"@id\":\"https:\/\/venessens-preprod.comandsee.website\/en\/mentions-legales\/#breadcrumb\"},\"inLanguage\":\"en-US\",\"potentialAction\":[{\"@type\":\"ReadAction\",\"target\":[\"https:\/\/venessens-preprod.comandsee.website\/en\/mentions-legales\/\"]}]},{\"@type\":\"BreadcrumbList\",\"@id\":\"https:\/\/venessens-preprod.comandsee.website\/en\/mentions-legales\/#breadcrumb\",\"itemListElement\":[{\"@type\":\"ListItem\",\"position\":1,\"name\":\"Home\",\"item\":\"https:\/\/venessens-preprod.comandsee.website\/en\/\"},{\"@type\":\"ListItem\",\"position\":2,\"name\":\"Mentions l\u00e9gales\"}]},{\"@type\":\"WebSite\",\"@id\":\"https:\/\/venessens-preprod.comandsee.website\/en\/#website\",\"url\":\"https:\/\/venessens-preprod.comandsee.website\/en\/\",\"name\":\"venessens-parquet.com\",\"description\":\"VENESSENS Parquets et stratifi\u00e9s garantis \u00e0 Vie\",\"publisher\":{\"@id\":\"https:\/\/venessens-preprod.comandsee.website\/en\/#organization\"},\"potentialAction\":[{\"@type\":\"SearchAction\",\"target\":{\"@type\":\"EntryPoint\",\"urlTemplate\":\"https:\/\/venessens-preprod.comandsee.website\/en\/?s={search_term_string}\"},\"query-input\":{\"@type\":\"PropertyValueSpecification\",\"valueRequired\":true,\"valueName\":\"search_term_string\"}}],\"inLanguage\":\"en-US\"},{\"@type\":\"Organization\",\"@id\":\"https:\/\/venessens-preprod.comandsee.website\/en\/#organization\",\"name\":\"venessens-parquet.com\",\"url\":\"https:\/\/venessens-preprod.comandsee.website\/en\/\",\"logo\":{\"@type\":\"ImageObject\",\"inLanguage\":\"en-US\",\"@id\":\"https:\/\/venessens-preprod.comandsee.website\/en\/#\/schema\/logo\/image\/\",\"url\":\"https:\/\/venessens-preprod.comandsee.website\/wp-content\/uploads\/2025\/07\/Venessens_logo.svg\",\"contentUrl\":\"https:\/\/venessens-preprod.comandsee.website\/wp-content\/uploads\/2025\/07\/Venessens_logo.svg\",\"width\":103,\"height\":79,\"caption\":\"venessens-parquet.com\"},\"image\":{\"@id\":\"https:\/\/venessens-preprod.comandsee.website\/en\/#\/schema\/logo\/image\/\"}}]}<\/script>\n<!-- \/ Yoast SEO plugin. -->","yoast_head_json":{"title":"Mentions l\u00e9gales - venessens-parquet.com","robots":{"index":"index","follow":"follow","max-snippet":"max-snippet:-1","max-image-preview":"max-image-preview:large","max-video-preview":"max-video-preview:-1"},"canonical":"https:\/\/venessens-preprod.comandsee.website\/en\/mentions-legales\/","og_locale":"en_US","og_type":"article","og_title":"Mentions l\u00e9gales - venessens-parquet.com","og_description":"Mentions l\u00e9gales 1 &#8211; \u00c9dition du site En vertu de l\u2019article 6 de la loi n\u00b0 2004-575 du 21 juin 2004 pour la confiance dans l\u2019\u00e9conomie num\u00e9rique, il est pr\u00e9cis\u00e9 aux utilisateurs du site internet https:\/\/venessens-preprod.comandsee.website l\u2019identit\u00e9 des diff\u00e9rents intervenants dans le cadre de sa r\u00e9alisation et de son suivi: Propri\u00e9taire du siteVENESSENS \u2013 Contact [&hellip;]","og_url":"https:\/\/venessens-preprod.comandsee.website\/en\/mentions-legales\/","og_site_name":"venessens-parquet.com","article_modified_time":"2025-12-15T12:52:30+00:00","twitter_card":"summary_large_image","twitter_misc":{"Est. reading time":"3 minutes"},"schema":{"@context":"https:\/\/schema.org","@graph":[{"@type":"WebPage","@id":"https:\/\/venessens-preprod.comandsee.website\/en\/mentions-legales\/","url":"https:\/\/venessens-preprod.comandsee.website\/en\/mentions-legales\/","name":"Mentions l\u00e9gales - venessens-parquet.com","isPartOf":{"@id":"https:\/\/venessens-preprod.comandsee.website\/en\/#website"},"datePublished":"2025-07-19T10:35:14+00:00","dateModified":"2025-12-15T12:52:30+00:00","breadcrumb":{"@id":"https:\/\/venessens-preprod.comandsee.website\/en\/mentions-legales\/#breadcrumb"},"inLanguage":"en-US","potentialAction":[{"@type":"ReadAction","target":["https:\/\/venessens-preprod.comandsee.website\/en\/mentions-legales\/"]}]},{"@type":"BreadcrumbList","@id":"https:\/\/venessens-preprod.comandsee.website\/en\/mentions-legales\/#breadcrumb","itemListElement":[{"@type":"ListItem","position":1,"name":"Home","item":"https:\/\/venessens-preprod.comandsee.website\/en\/"},{"@type":"ListItem","position":2,"name":"Mentions l\u00e9gales"}]},{"@type":"WebSite","@id":"https:\/\/venessens-preprod.comandsee.website\/en\/#website","url":"https:\/\/venessens-preprod.comandsee.website\/en\/","name":"venessens-parquet.com","description":"VENESSENS Parquets et stratifi\u00e9s garantis \u00e0 Vie","publisher":{"@id":"https:\/\/venessens-preprod.comandsee.website\/en\/#organization"},"potentialAction":[{"@type":"SearchAction","target":{"@type":"EntryPoint","urlTemplate":"https:\/\/venessens-preprod.comandsee.website\/en\/?s={search_term_string}"},"query-input":{"@type":"PropertyValueSpecification","valueRequired":true,"valueName":"search_term_string"}}],"inLanguage":"en-US"},{"@type":"Organization","@id":"https:\/\/venessens-preprod.comandsee.website\/en\/#organization","name":"venessens-parquet.com","url":"https:\/\/venessens-preprod.comandsee.website\/en\/","logo":{"@type":"ImageObject","inLanguage":"en-US","@id":"https:\/\/venessens-preprod.comandsee.website\/en\/#\/schema\/logo\/image\/","url":"https:\/\/venessens-preprod.comandsee.website\/wp-content\/uploads\/2025\/07\/Venessens_logo.svg","contentUrl":"https:\/\/venessens-preprod.comandsee.website\/wp-content\/uploads\/2025\/07\/Venessens_logo.svg","width":103,"height":79,"caption":"venessens-parquet.com"},"image":{"@id":"https:\/\/venessens-preprod.comandsee.website\/en\/#\/schema\/logo\/image\/"}}]}},"_links":{"self":[{"href":"https:\/\/venessens-preprod.comandsee.website\/en\/wp-json\/wp\/v2\/pages\/7834","targetHints":{"allow":["GET"]}}],"collection":[{"href":"https:\/\/venessens-preprod.comandsee.website\/en\/wp-json\/wp\/v2\/pages"}],"about":[{"href":"https:\/\/venessens-preprod.comandsee.website\/en\/wp-json\/wp\/v2\/types\/page"}],"author":[{"embeddable":true,"href":"https:\/\/venessens-preprod.comandsee.website\/en\/wp-json\/wp\/v2\/users\/3"}],"replies":[{"embeddable":true,"href":"https:\/\/venessens-preprod.comandsee.website\/en\/wp-json\/wp\/v2\/comments?post=7834"}],"version-history":[{"count":0,"href":"https:\/\/venessens-preprod.comandsee.website\/en\/wp-json\/wp\/v2\/pages\/7834\/revisions"}],"wp:attachment":[{"href":"https:\/\/venessens-preprod.comandsee.website\/en\/wp-json\/wp\/v2\/media?parent=7834"}],"curies":[{"name":"wp","href":"https:\/\/api.w.org\/{rel}","templated":true}]}}